{"id":91,"date":"2022-02-19T13:52:48","date_gmt":"2022-02-19T12:52:48","guid":{"rendered":"http:\/\/consultio.loc\/o-nama\/"},"modified":"2022-03-01T08:14:06","modified_gmt":"2022-03-01T07:14:06","slug":"o-nama","status":"publish","type":"page","link":"https:\/\/consulatio.eu\/en\/o-nama\/","title":{"rendered":"O nama"},"content":{"rendered":"<div class=\"wp-wrap\">\n<div class=\"wp-box\">\n<h3>Consulatio &#8211; rastimo zajedno<\/h3>\n<p>Consulatio Grupa je ra\u010dunovodstvena i savjetodavna tvrtka s me\u0111unarodnim i lokalnim iskustvom ste\u010denim u vi\u0161egodi\u0161njim aktivnostima. Na\u0161e usluge savjetovanja tvrtkama poma\u017eu u njihovoj uskla\u0111enosti sa zakonom, a usluge vrhunske kvalitete doprinose rastu vrijednosti klijenta, poma\u017eu\u0107i im u razvoju, u skladu s potrebama i tr\u017ei\u0161nim uvjetima.<\/p>\n<p>Pra\u0107enjem trendova koji utje\u010du na poslovanje na\u0161ih klijenata, tuma\u010denjem ovih trendova, ali i pronalaskom cjelovitih rje\u0161enja s ciljem pobolj\u0161anja poslovnih rezultata, doprinosimo rastu vrijednosti i konkurentske prednosti na\u0161ih klijenata.<\/p>\n<p>Poslovna etika Consulatio Grupe promi\u010de po\u0161tenje, vrhunsku vrijednost za klijente te uva\u017eavanje suradnika, djeluju\u0107i u okru\u017eju koje poti\u010de kontinuirano razvijanje, nude\u0107i nove poslovne izazove i rje\u0161enja, a upravo zbog toga ponosno nosimo titulu tvrtke koja je prva u Hrvatskoj svojim klijentima omogu\u0107ila potpunu administrativnu digitalizaciju i pristup informacijama u stvarnom vremenu.<\/p>\n<\/div>\n<div class=\"wp-box\">\n<h3>Osnovni podaci<\/h3>\n<p>Consulatio Grupa osnovana je 2011. godine s ambicijom da na tr\u017ei\u0161te Republike Hrvatske donese novi pristup pru\u017eanju profesionalnih usluga, primjenjuju\u0107i najnovije tehnologije i sve dostupne profesionalne prakse financijsko-ra\u010dunovodstvene struke. Consulatio aktivno radi na pronala\u017eenju optimalnog pristupa pru\u017eanju usluga ra\u010dunovodstva, revizije i financijskog savjetovanja, s naglaskom na online poslovanje, te potpunu transparentnost prilikom obrade dokumentacije i pripreme svih zakonski propisanih izvje\u0161taja, kao i internih izvje\u0161taja prema potrebama klijenata. S ponosom mo\u017eemo re\u0107i da smo danas jedina tvrtka u Hrvatskoj koja je pru\u017eanje outsource ra\u010dunovodstvenih usluga, usluga revizije i financijskog savjetovanja dovela na razinu potpunog online poslovanja s evidentiranjem poslovnih promjena bez vremenske odgode, uz potpuni pristup dokumentaciji na na\u010din da klijent nema osje\u0107aj da se radi o vanjskim suradnicima, ve\u0107 njegovom vlastitom timu u dislociranom prostoru.<\/p>\n<p>Consulatio ovakvim pristupom pru\u017eanju usluga svojim klijentima omogu\u0107ava:<\/p>\n<ul class=\"list\">\n<li>sigurnost u pravovremeno izvr\u0161ene zadatke<\/li>\n<li>24\/7 pristup poslovanju dru\u0161tva kroz svu obra\u0111enu dokumentaciju na jednom mjestu u stvarnom vremenu<\/li>\n<li>sigurnost u to\u010dnost obra\u0111enih podataka zahvaljuju\u0107i brojnim kontrolnim procesima od zaprimanja dokumentacije do kona\u010dne obrade<\/li>\n<\/ul>\n<\/div>\n<\/div>\n<div class=\"wp-box2\">\n<h2 style=\"text-align: center;\">Great things in business are never done by one person. <br \/>\nThey&#8217;re done by a team of people \u2013 Steve Jobs<\/h2>\n<\/div>\n","protected":false},"excerpt":{"rendered":"<p>Consulatio &#8211; rastimo zajedno Consulatio Grupa je ra\u010dunovodstvena i savjetodavna tvrtka s me\u0111unarodnim i lokalnim iskustvom ste\u010denim u vi\u0161egodi\u0161njim aktivnostima. Na\u0161e usluge savjetovanja tvrtkama poma\u017eu u njihovoj uskla\u0111enosti sa zakonom, a usluge vrhunske kvalitete doprinose rastu vrijednosti klijenta, poma\u017eu\u0107i im u razvoju, u skladu s potrebama i tr\u017ei\u0161nim uvjetima. Pra\u0107enjem trendova koji utje\u010du na poslovanje [&hellip;]<\/p>\n","protected":false},"author":1,"featured_media":0,"parent":0,"menu_order":0,"comment_status":"closed","ping_status":"closed","template":"template-naslovnica.php","meta":{"_acf_changed":false,"footnotes":""},"class_list":["post-91","page","type-page","status-publish","hentry"],"acf":[],"_links":{"self":[{"href":"https:\/\/consulatio.eu\/en\/wp-json\/wp\/v2\/pages\/91","targetHints":{"allow":["GET"]}}],"collection":[{"href":"https:\/\/consulatio.eu\/en\/wp-json\/wp\/v2\/pages"}],"about":[{"href":"https:\/\/consulatio.eu\/en\/wp-json\/wp\/v2\/types\/page"}],"author":[{"embeddable":true,"href":"https:\/\/consulatio.eu\/en\/wp-json\/wp\/v2\/users\/1"}],"replies":[{"embeddable":true,"href":"https:\/\/consulatio.eu\/en\/wp-json\/wp\/v2\/comments?post=91"}],"version-history":[{"count":10,"href":"https:\/\/consulatio.eu\/en\/wp-json\/wp\/v2\/pages\/91\/revisions"}],"predecessor-version":[{"id":316,"href":"https:\/\/consulatio.eu\/en\/wp-json\/wp\/v2\/pages\/91\/revisions\/316"}],"wp:attachment":[{"href":"https:\/\/consulatio.eu\/en\/wp-json\/wp\/v2\/media?parent=91"}],"curies":[{"name":"wp","href":"https:\/\/api.w.org\/{rel}","templated":true}]}}