{"id":90,"date":"2022-02-19T13:56:20","date_gmt":"2022-02-19T12:56:20","guid":{"rendered":"http:\/\/consultio.loc\/usluge\/savjetovanje\/"},"modified":"2022-03-03T12:33:46","modified_gmt":"2022-03-03T11:33:46","slug":"savjetovanje","status":"publish","type":"page","link":"https:\/\/consulatio.eu\/en\/usluge\/savjetovanje\/","title":{"rendered":"Savjetovanje"},"content":{"rendered":"<p>Dobar savjet zlata vrijedi!<\/p>\n<p>Ovu krilaticu nismo smislili, ali smo se puno puta u to uvjerili. Na\u0161i savjeti pokrivaju \u0161iroko podru\u010dje stru\u010dnosti, od ra\u010dunovodstva do financijskih analiza i otkrivanja potencijalnih rizika va\u0161em poslovanju s poreznog, financijskog ili ra\u010dunovodstvenog aspekta. <\/p>\n","protected":false},"excerpt":{"rendered":"<p>Dobar savjet zlata vrijedi! Ovu krilaticu nismo smislili, ali smo se puno puta u to uvjerili. Na\u0161i savjeti pokrivaju \u0161iroko podru\u010dje stru\u010dnosti, od ra\u010dunovodstva do financijskih analiza i otkrivanja potencijalnih rizika va\u0161em poslovanju s poreznog, financijskog ili ra\u010dunovodstvenog aspekta.<\/p>\n","protected":false},"author":1,"featured_media":162,"parent":85,"menu_order":5,"comment_status":"closed","ping_status":"closed","template":"template-usluge-inside.php","meta":{"_acf_changed":false,"footnotes":""},"class_list":["post-90","page","type-page","status-publish","has-post-thumbnail","hentry"],"acf":[],"_links":{"self":[{"href":"https:\/\/consulatio.eu\/en\/wp-json\/wp\/v2\/pages\/90","targetHints":{"allow":["GET"]}}],"collection":[{"href":"https:\/\/consulatio.eu\/en\/wp-json\/wp\/v2\/pages"}],"about":[{"href":"https:\/\/consulatio.eu\/en\/wp-json\/wp\/v2\/types\/page"}],"author":[{"embeddable":true,"href":"https:\/\/consulatio.eu\/en\/wp-json\/wp\/v2\/users\/1"}],"replies":[{"embeddable":true,"href":"https:\/\/consulatio.eu\/en\/wp-json\/wp\/v2\/comments?post=90"}],"version-history":[{"count":4,"href":"https:\/\/consulatio.eu\/en\/wp-json\/wp\/v2\/pages\/90\/revisions"}],"predecessor-version":[{"id":369,"href":"https:\/\/consulatio.eu\/en\/wp-json\/wp\/v2\/pages\/90\/revisions\/369"}],"up":[{"embeddable":true,"href":"https:\/\/consulatio.eu\/en\/wp-json\/wp\/v2\/pages\/85"}],"wp:featuredmedia":[{"embeddable":true,"href":"https:\/\/consulatio.eu\/en\/wp-json\/wp\/v2\/media\/162"}],"wp:attachment":[{"href":"https:\/\/consulatio.eu\/en\/wp-json\/wp\/v2\/media?parent=90"}],"curies":[{"name":"wp","href":"https:\/\/api.w.org\/{rel}","templated":true}]}}