{"id":89,"date":"2022-02-19T13:56:05","date_gmt":"2022-02-19T12:56:05","guid":{"rendered":"http:\/\/consultio.loc\/usluge\/revizija\/"},"modified":"2022-03-03T12:28:03","modified_gmt":"2022-03-03T11:28:03","slug":"revizija","status":"publish","type":"page","link":"https:\/\/consulatio.eu\/en\/usluge\/revizija\/","title":{"rendered":"Revizija"},"content":{"rendered":"<p>Revizija je najpouzdaniji na\u010din da dobijete to\u010dan pregled financijskog stanja nekog dru\u0161tva ili financijskog aspekta neke poslovne transakcije.<\/p>\n<p>Kada se poduzetnici susretnu s pojmom \u201erevizija\u201c, njihove su prve asocijacije nerijetko negativne: kontrola, pogre\u0161ke, ispravci, kazne.<\/p>\n<p>Me\u0111utim, svaka medalja ima dvije strane. Obveznici zakonske revizije su poslovni subjekti koji izme\u0111u ostalih kriterija imaju minimalno 25.000.000,00 kn prihoda, a to je dobar pokazatelj va\u0161e uspje\u0161nosti.<\/p>\n<p>Osim toga, revizija donosi sigurnost da ste na pravom putu s poslovanjem, a ako i prona\u0111e pokoju gre\u0161ku, to je odli\u010dna prilika da nau\u010dite ne\u0161to novo za va\u0161u jo\u0161 uspje\u0161niju budu\u0107nost.<\/p>\n","protected":false},"excerpt":{"rendered":"<p>Revizija je najpouzdaniji na\u010din da dobijete to\u010dan pregled financijskog stanja nekog dru\u0161tva ili financijskog aspekta neke poslovne transakcije. Kada se poduzetnici susretnu s pojmom \u201erevizija\u201c, njihove su prve asocijacije nerijetko negativne: kontrola, pogre\u0161ke, ispravci, kazne. Me\u0111utim, svaka medalja ima dvije strane. Obveznici zakonske revizije su poslovni subjekti koji izme\u0111u ostalih kriterija imaju minimalno 25.000.000,00 kn [&hellip;]<\/p>\n","protected":false},"author":1,"featured_media":162,"parent":85,"menu_order":4,"comment_status":"closed","ping_status":"closed","template":"template-usluge-inside.php","meta":{"_acf_changed":false,"footnotes":""},"class_list":["post-89","page","type-page","status-publish","has-post-thumbnail","hentry"],"acf":[],"_links":{"self":[{"href":"https:\/\/consulatio.eu\/en\/wp-json\/wp\/v2\/pages\/89","targetHints":{"allow":["GET"]}}],"collection":[{"href":"https:\/\/consulatio.eu\/en\/wp-json\/wp\/v2\/pages"}],"about":[{"href":"https:\/\/consulatio.eu\/en\/wp-json\/wp\/v2\/types\/page"}],"author":[{"embeddable":true,"href":"https:\/\/consulatio.eu\/en\/wp-json\/wp\/v2\/users\/1"}],"replies":[{"embeddable":true,"href":"https:\/\/consulatio.eu\/en\/wp-json\/wp\/v2\/comments?post=89"}],"version-history":[{"count":4,"href":"https:\/\/consulatio.eu\/en\/wp-json\/wp\/v2\/pages\/89\/revisions"}],"predecessor-version":[{"id":364,"href":"https:\/\/consulatio.eu\/en\/wp-json\/wp\/v2\/pages\/89\/revisions\/364"}],"up":[{"embeddable":true,"href":"https:\/\/consulatio.eu\/en\/wp-json\/wp\/v2\/pages\/85"}],"wp:featuredmedia":[{"embeddable":true,"href":"https:\/\/consulatio.eu\/en\/wp-json\/wp\/v2\/media\/162"}],"wp:attachment":[{"href":"https:\/\/consulatio.eu\/en\/wp-json\/wp\/v2\/media?parent=89"}],"curies":[{"name":"wp","href":"https:\/\/api.w.org\/{rel}","templated":true}]}}