{"id":88,"date":"2022-02-19T13:55:47","date_gmt":"2022-02-19T12:55:47","guid":{"rendered":"http:\/\/consultio.loc\/usluge\/porezi-i-bespovratna-sredstva\/"},"modified":"2022-03-03T11:36:47","modified_gmt":"2022-03-03T10:36:47","slug":"porezi-i-bespovratna-sredstva","status":"publish","type":"page","link":"https:\/\/consulatio.eu\/en\/usluge\/porezi-i-bespovratna-sredstva\/","title":{"rendered":"Porezi i bespovratna sredstva"},"content":{"rendered":"<p>Obra\u010dun poreza iznimno je kompleksan proces koji zahtijeva obradu velikog broja informacija te primjenu zavidne koli\u010dine znanja kako bi se osiguralo da je obra\u010dun ispravan i da niste platili manje ili vi\u0161e poreza.<\/p>\n<p>Uz sam obra\u010dun koji dolazi kao posljednja stavka u tom segmentu, postoji niz akcija i mogu\u0107nosti koje pru\u017eaju porezni propisi, a koje ispravnom primjenom omogu\u0107uju manje porezne stope i u kona\u010dnici manji iznos poreza.<\/p>\n<p>Bespovratna sredstva osigurana od strane Republike Hrvatske ili EU fondova ve\u0107 dugi niz godina predstavljaju neiskori\u0161ten potencijal, najve\u0107im dijelom zbog toga \u0161to potencijalni korisnici ne prepoznaju mogu\u0107nosti prijave i ostvarivanja prava na njih.<\/p>\n<p>Uz Consulatio \u0107ete si osigurati partnera koji \u0107e se pobrinuti da ne platite vi\u0161e poreza nego \u0161to zaista trebate, ali i da ostvarite svoje pravo na bespovratna sredstva. <\/p>\n","protected":false},"excerpt":{"rendered":"<p>Obra\u010dun poreza iznimno je kompleksan proces koji zahtijeva obradu velikog broja informacija te primjenu zavidne koli\u010dine znanja kako bi se osiguralo da je obra\u010dun ispravan i da niste platili manje ili vi\u0161e poreza. Uz sam obra\u010dun koji dolazi kao posljednja stavka u tom segmentu, postoji niz akcija i mogu\u0107nosti koje pru\u017eaju porezni propisi, a koje [&hellip;]<\/p>\n","protected":false},"author":1,"featured_media":205,"parent":85,"menu_order":3,"comment_status":"closed","ping_status":"closed","template":"template-usluge-inside.php","meta":{"_acf_changed":false,"footnotes":""},"class_list":["post-88","page","type-page","status-publish","has-post-thumbnail","hentry"],"acf":[],"_links":{"self":[{"href":"https:\/\/consulatio.eu\/en\/wp-json\/wp\/v2\/pages\/88","targetHints":{"allow":["GET"]}}],"collection":[{"href":"https:\/\/consulatio.eu\/en\/wp-json\/wp\/v2\/pages"}],"about":[{"href":"https:\/\/consulatio.eu\/en\/wp-json\/wp\/v2\/types\/page"}],"author":[{"embeddable":true,"href":"https:\/\/consulatio.eu\/en\/wp-json\/wp\/v2\/users\/1"}],"replies":[{"embeddable":true,"href":"https:\/\/consulatio.eu\/en\/wp-json\/wp\/v2\/comments?post=88"}],"version-history":[{"count":5,"href":"https:\/\/consulatio.eu\/en\/wp-json\/wp\/v2\/pages\/88\/revisions"}],"predecessor-version":[{"id":359,"href":"https:\/\/consulatio.eu\/en\/wp-json\/wp\/v2\/pages\/88\/revisions\/359"}],"up":[{"embeddable":true,"href":"https:\/\/consulatio.eu\/en\/wp-json\/wp\/v2\/pages\/85"}],"wp:featuredmedia":[{"embeddable":true,"href":"https:\/\/consulatio.eu\/en\/wp-json\/wp\/v2\/media\/205"}],"wp:attachment":[{"href":"https:\/\/consulatio.eu\/en\/wp-json\/wp\/v2\/media?parent=88"}],"curies":[{"name":"wp","href":"https:\/\/api.w.org\/{rel}","templated":true}]}}