{"id":87,"date":"2022-02-19T13:55:22","date_gmt":"2022-02-19T12:55:22","guid":{"rendered":"http:\/\/consultio.loc\/usluge\/obracun-placa\/"},"modified":"2022-03-03T11:33:04","modified_gmt":"2022-03-03T10:33:04","slug":"obracun-placa","status":"publish","type":"page","link":"https:\/\/consulatio.eu\/en\/usluge\/obracun-placa\/","title":{"rendered":"Obra\u010dun pla\u0107a"},"content":{"rendered":"<p>Uspje\u0161nu organizaciju \u010dine uspje\u0161ni i sretni zaposlenici.<\/p>\n<p>Upravo je zato obra\u010dun pla\u0107e jedan od najosjetljivijih, a samim time i najzahtjevnijih segmenata unutar neke organizacije.<\/p>\n<p>Pravovremen i to\u010dan obra\u010dun iznimno je va\u017ean za poslodavca i za zaposlenika. Opse\u017ena i stroga zakonska regulativa koja se konstantno mijenja i ne tolerira pogre\u0161ke ovaj dio poslovanja ujedno \u010dini i najrizi\u010dnijim.<\/p>\n<p>Consulatio je u svojem dugogodi\u0161njem radu pripremio vi\u0161e od 17.000 obra\u010duna pla\u0107a i uspje\u0161no zavr\u0161io vi\u0161e od 100 nadzora nadle\u017enih institucija bez evidentirane pogre\u0161ke, a svakodnevno radi na usavr\u0161avanju procesa obra\u010duna pla\u0107a. <\/p>\n","protected":false},"excerpt":{"rendered":"<p>Uspje\u0161nu organizaciju \u010dine uspje\u0161ni i sretni zaposlenici. Upravo je zato obra\u010dun pla\u0107e jedan od najosjetljivijih, a samim time i najzahtjevnijih segmenata unutar neke organizacije. Pravovremen i to\u010dan obra\u010dun iznimno je va\u017ean za poslodavca i za zaposlenika. Opse\u017ena i stroga zakonska regulativa koja se konstantno mijenja i ne tolerira pogre\u0161ke ovaj dio poslovanja ujedno \u010dini i [&hellip;]<\/p>\n","protected":false},"author":1,"featured_media":162,"parent":85,"menu_order":1,"comment_status":"closed","ping_status":"closed","template":"template-usluge-inside.php","meta":{"_acf_changed":false,"footnotes":""},"class_list":["post-87","page","type-page","status-publish","has-post-thumbnail","hentry"],"acf":[],"_links":{"self":[{"href":"https:\/\/consulatio.eu\/en\/wp-json\/wp\/v2\/pages\/87","targetHints":{"allow":["GET"]}}],"collection":[{"href":"https:\/\/consulatio.eu\/en\/wp-json\/wp\/v2\/pages"}],"about":[{"href":"https:\/\/consulatio.eu\/en\/wp-json\/wp\/v2\/types\/page"}],"author":[{"embeddable":true,"href":"https:\/\/consulatio.eu\/en\/wp-json\/wp\/v2\/users\/1"}],"replies":[{"embeddable":true,"href":"https:\/\/consulatio.eu\/en\/wp-json\/wp\/v2\/comments?post=87"}],"version-history":[{"count":4,"href":"https:\/\/consulatio.eu\/en\/wp-json\/wp\/v2\/pages\/87\/revisions"}],"predecessor-version":[{"id":353,"href":"https:\/\/consulatio.eu\/en\/wp-json\/wp\/v2\/pages\/87\/revisions\/353"}],"up":[{"embeddable":true,"href":"https:\/\/consulatio.eu\/en\/wp-json\/wp\/v2\/pages\/85"}],"wp:featuredmedia":[{"embeddable":true,"href":"https:\/\/consulatio.eu\/en\/wp-json\/wp\/v2\/media\/162"}],"wp:attachment":[{"href":"https:\/\/consulatio.eu\/en\/wp-json\/wp\/v2\/media?parent=87"}],"curies":[{"name":"wp","href":"https:\/\/api.w.org\/{rel}","templated":true}]}}