{"id":86,"date":"2022-02-19T13:54:42","date_gmt":"2022-02-19T12:54:42","guid":{"rendered":"http:\/\/consultio.loc\/usluge\/racunovodstveno-poslovanje\/"},"modified":"2022-03-03T11:28:13","modified_gmt":"2022-03-03T10:28:13","slug":"racunovodstveno-poslovanje","status":"publish","type":"page","link":"https:\/\/consulatio.eu\/en\/usluge\/racunovodstveno-poslovanje\/","title":{"rendered":"Ra\u010dunovodstveno poslovanje"},"content":{"rendered":"<p>Ako svoje ra\u010dunovodstvene usluge povjerite timu dru\u0161tva Consulatio, dobit \u0107ete partnera koji \u0107e podr\u017eavati va\u0161 rast.<\/p>\n<p>Dok ste usredoto\u010deni na razvoj poslovanja, obradu, prikaz i arhivu poslovnih knjiga prepustite stru\u010dnjacima koji rade u skladu sa ra\u010dunovodstvenim na\u010delima i aktualnim ra\u010dunovodstvenim standardima.<\/p>\n<p>Profesionalnom obradom podataka i isporukom aktualnih informacija u pravovremenim rokovima omogu\u0107avamo minimiziranje financijskih i pravnih rizika. Omogu\u0107ujemo da va\u0161e financijsko i poslovno odlu\u010divanje bude pravovremeno.<\/p>\n<p>Osigurajte i olak\u0161ajte svoje poslovanje s dru\u0161tvom Consulatio!<\/p>\n","protected":false},"excerpt":{"rendered":"<p>Ako svoje ra\u010dunovodstvene usluge povjerite timu dru\u0161tva Consulatio, dobit \u0107ete partnera koji \u0107e podr\u017eavati va\u0161 rast. Dok ste usredoto\u010deni na razvoj poslovanja, obradu, prikaz i arhivu poslovnih knjiga prepustite stru\u010dnjacima koji rade u skladu sa ra\u010dunovodstvenim na\u010delima i aktualnim ra\u010dunovodstvenim standardima. Profesionalnom obradom podataka i isporukom aktualnih informacija u pravovremenim rokovima omogu\u0107avamo minimiziranje financijskih i [&hellip;]<\/p>\n","protected":false},"author":1,"featured_media":171,"parent":85,"menu_order":0,"comment_status":"closed","ping_status":"closed","template":"template-usluge-inside.php","meta":{"_acf_changed":false,"footnotes":""},"class_list":["post-86","page","type-page","status-publish","has-post-thumbnail","hentry"],"acf":[],"_links":{"self":[{"href":"https:\/\/consulatio.eu\/en\/wp-json\/wp\/v2\/pages\/86","targetHints":{"allow":["GET"]}}],"collection":[{"href":"https:\/\/consulatio.eu\/en\/wp-json\/wp\/v2\/pages"}],"about":[{"href":"https:\/\/consulatio.eu\/en\/wp-json\/wp\/v2\/types\/page"}],"author":[{"embeddable":true,"href":"https:\/\/consulatio.eu\/en\/wp-json\/wp\/v2\/users\/1"}],"replies":[{"embeddable":true,"href":"https:\/\/consulatio.eu\/en\/wp-json\/wp\/v2\/comments?post=86"}],"version-history":[{"count":5,"href":"https:\/\/consulatio.eu\/en\/wp-json\/wp\/v2\/pages\/86\/revisions"}],"predecessor-version":[{"id":347,"href":"https:\/\/consulatio.eu\/en\/wp-json\/wp\/v2\/pages\/86\/revisions\/347"}],"up":[{"embeddable":true,"href":"https:\/\/consulatio.eu\/en\/wp-json\/wp\/v2\/pages\/85"}],"wp:featuredmedia":[{"embeddable":true,"href":"https:\/\/consulatio.eu\/en\/wp-json\/wp\/v2\/media\/171"}],"wp:attachment":[{"href":"https:\/\/consulatio.eu\/en\/wp-json\/wp\/v2\/media?parent=86"}],"curies":[{"name":"wp","href":"https:\/\/api.w.org\/{rel}","templated":true}]}}